{"id":2473,"date":"2022-05-12T04:05:22","date_gmt":"2022-05-12T04:05:22","guid":{"rendered":"http:\/\/wp.dreamitsolution.net\/dreamit\/dreamit-handyman\/?page_id=2473"},"modified":"2025-07-31T03:00:56","modified_gmt":"2025-07-31T03:00:56","slug":"qui-sommes-nous","status":"publish","type":"page","link":"https:\/\/lineova.com\/?page_id=2473","title":{"rendered":"Qui sommes-nous?"},"content":{"rendered":"\t\t<div data-elementor-type=\"wp-page\" data-elementor-id=\"2473\" class=\"elementor elementor-2473\">\n\t\t\t\t\t\t<section class=\"elementor-section elementor-top-section elementor-element elementor-element-63635c4 elementor-section-boxed elementor-section-height-default elementor-section-height-default\" data-id=\"63635c4\" data-element_type=\"section\">\n\t\t\t\t\t\t<div class=\"elementor-container elementor-column-gap-default\">\n\t\t\t\t\t<div class=\"elementor-column elementor-col-33 elementor-top-column elementor-element elementor-element-4ce81b3\" data-id=\"4ce81b3\" data-element_type=\"column\">\n\t\t\t<div class=\"elementor-widget-wrap elementor-element-populated\">\n\t\t\t\t\t\t<div class=\"elementor-element elementor-element-0bb22fa elementor-widget elementor-widget-service\" data-id=\"0bb22fa\" data-element_type=\"widget\" data-widget_type=\"service.default\">\n\t\t\t\t<div class=\"elementor-widget-container\">\n\t\t\t\t\t\r\n\t\t\r\n\t\t\t\t<div class=\"service-box style-five\">\t\t\r\n\t\t\t\t\t<div class=\"em_service_content d-flex\">\r\n\t\t\t\t\t\t<div class=\"service-number\">\r\n\t\t\t\t\t\t\t<span class=\"service-box-number\">01<\/span>\r\n\t\t\t\t\t\t<\/div>\r\n\t\t\t\t\t\t\r\n\t\t\t\t\t\t<div class=\"service_box_text\">\t\r\n\t\t\t\t\t\t\t\t<div class=\"service-box-title\" >\r\n\t\t\t\t\t\t\t\t\t<h2>Un service \u00e0 la hauteur<\/h2>\r\n\t\t\t\t\t\t\t\t<\/div>\r\n\r\n\t\t\t\t\t\t\t<div class=\"service-box-inner\">\t\t\t\t\r\n\t\t\t\t\t\t\t\t<div class=\"service-box-desc\" >\r\n\t\t\t\t\t\t\t\t\t<p>Notre \u00e9quipe r\u00e9pond \u00e0 vos clients avec courtoisie, efficacit\u00e9 et professionnalisme, 24h\/7. Votre image est entre de bonnes mains.<\/p>\r\n\t\t\t\t\t\t\t\t<\/div>\t\t\t\t\t\t\r\n\t\t\t\t\t\t\t<\/div>\r\n\t\t\t\t\t\t\t\r\n\t\t\t\t\t\t\t\t\t\t\t\t\t<\/div>\r\n\t\t\t\t\t<\/div>\r\n\t\t\t\t<\/div>\r\n\r\n\t\t\t\t\t\t<\/div>\n\t\t\t\t<\/div>\n\t\t\t\t\t<\/div>\n\t\t<\/div>\n\t\t\t\t<div class=\"elementor-column elementor-col-33 elementor-top-column elementor-element elementor-element-1c16aa9\" data-id=\"1c16aa9\" data-element_type=\"column\">\n\t\t\t<div class=\"elementor-widget-wrap elementor-element-populated\">\n\t\t\t\t\t\t<div class=\"elementor-element elementor-element-d84b3db elementor-widget elementor-widget-service\" data-id=\"d84b3db\" data-element_type=\"widget\" data-widget_type=\"service.default\">\n\t\t\t\t<div class=\"elementor-widget-container\">\n\t\t\t\t\t\r\n\t\t\r\n\t\t\t\t<div class=\"service-box style-five\">\t\t\r\n\t\t\t\t\t<div class=\"em_service_content d-flex\">\r\n\t\t\t\t\t\t<div class=\"service-number\">\r\n\t\t\t\t\t\t\t<span class=\"service-box-number\">02<\/span>\r\n\t\t\t\t\t\t<\/div>\r\n\t\t\t\t\t\t\r\n\t\t\t\t\t\t<div class=\"service_box_text\">\t\r\n\t\t\t\t\t\t\t\t<div class=\"service-box-title\" >\r\n\t\t\t\t\t\t\t\t\t<h2>Des r\u00e9sultats concrets<\/h2>\r\n\t\t\t\t\t\t\t\t<\/div>\r\n\r\n\t\t\t\t\t\t\t<div class=\"service-box-inner\">\t\t\t\t\r\n\t\t\t\t\t\t\t\t<div class=\"service-box-desc\" >\r\n\t\t\t\t\t\t\t\t\t<p>Nous optimisons chaque appel pour g\u00e9n\u00e9rer plus de satisfaction, plus de conversions et plus de fid\u00e9lit\u00e9 \u00e0 votre marque.<\/p>\r\n\t\t\t\t\t\t\t\t<\/div>\t\t\t\t\t\t\r\n\t\t\t\t\t\t\t<\/div>\r\n\t\t\t\t\t\t\t\r\n\t\t\t\t\t\t\t\t\t\t\t\t\t<\/div>\r\n\t\t\t\t\t<\/div>\r\n\t\t\t\t<\/div>\r\n\r\n\t\t\t\t\t\t<\/div>\n\t\t\t\t<\/div>\n\t\t\t\t\t<\/div>\n\t\t<\/div>\n\t\t\t\t<div class=\"elementor-column elementor-col-33 elementor-top-column elementor-element elementor-element-705f25a\" data-id=\"705f25a\" data-element_type=\"column\">\n\t\t\t<div class=\"elementor-widget-wrap elementor-element-populated\">\n\t\t\t\t\t\t<div class=\"elementor-element elementor-element-45dd345 elementor-widget elementor-widget-service\" data-id=\"45dd345\" data-element_type=\"widget\" data-widget_type=\"service.default\">\n\t\t\t\t<div class=\"elementor-widget-container\">\n\t\t\t\t\t\r\n\t\t\r\n\t\t\t\t<div class=\"service-box style-five\">\t\t\r\n\t\t\t\t\t<div class=\"em_service_content d-flex\">\r\n\t\t\t\t\t\t<div class=\"service-number\">\r\n\t\t\t\t\t\t\t<span class=\"service-box-number\">03<\/span>\r\n\t\t\t\t\t\t<\/div>\r\n\t\t\t\t\t\t\r\n\t\t\t\t\t\t<div class=\"service_box_text\">\t\r\n\t\t\t\t\t\t\t\t<div class=\"service-box-title\" >\r\n\t\t\t\t\t\t\t\t\t<h2>Partenaire id\u00e9al<\/h2>\r\n\t\t\t\t\t\t\t\t<\/div>\r\n\r\n\t\t\t\t\t\t\t<div class=\"service-box-inner\">\t\t\t\t\r\n\t\t\t\t\t\t\t\t<div class=\"service-box-desc\" >\r\n\t\t\t\t\t\t\t\t\t<p>Lineova soutient la croissance des entreprises gr\u00e2ce \u00e0 des ressources humaines qualifi\u00e9es et des technologies performantes.<\/p>\r\n\t\t\t\t\t\t\t\t<\/div>\t\t\t\t\t\t\r\n\t\t\t\t\t\t\t<\/div>\r\n\t\t\t\t\t\t\t\r\n\t\t\t\t\t\t\t\t\t\t\t\t\t<\/div>\r\n\t\t\t\t\t<\/div>\r\n\t\t\t\t<\/div>\r\n\r\n\t\t\t\t\t\t<\/div>\n\t\t\t\t<\/div>\n\t\t\t\t\t<\/div>\n\t\t<\/div>\n\t\t\t\t\t<\/div>\n\t\t<\/section>\n\t\t\t\t<section class=\"elementor-section elementor-top-section elementor-element elementor-element-df2b17f elementor-section-boxed elementor-section-height-default elementor-section-height-default\" data-id=\"df2b17f\" data-element_type=\"section\" data-settings=\"{&quot;background_background&quot;:&quot;classic&quot;}\">\n\t\t\t\t\t\t\t<div class=\"elementor-background-overlay\"><\/div>\n\t\t\t\t\t\t\t<div class=\"elementor-container elementor-column-gap-default\">\n\t\t\t\t\t<div class=\"elementor-column elementor-col-100 elementor-top-column elementor-element elementor-element-a6adbf1\" data-id=\"a6adbf1\" data-element_type=\"column\" data-settings=\"{&quot;background_background&quot;:&quot;classic&quot;}\">\n\t\t\t<div class=\"elementor-widget-wrap elementor-element-populated\">\n\t\t\t\t\t\t<section class=\"elementor-section elementor-inner-section elementor-element elementor-element-c8730c1 elementor-section-boxed elementor-section-height-default elementor-section-height-default\" data-id=\"c8730c1\" data-element_type=\"section\">\n\t\t\t\t\t\t<div class=\"elementor-container elementor-column-gap-default\">\n\t\t\t\t\t<div class=\"elementor-column elementor-col-50 elementor-inner-column elementor-element elementor-element-a7d79a9\" data-id=\"a7d79a9\" data-element_type=\"column\">\n\t\t\t<div class=\"elementor-widget-wrap\">\n\t\t\t\t\t\t\t<\/div>\n\t\t<\/div>\n\t\t\t\t<div class=\"elementor-column elementor-col-50 elementor-inner-column elementor-element elementor-element-e403cff\" data-id=\"e403cff\" data-element_type=\"column\">\n\t\t\t<div class=\"elementor-widget-wrap elementor-element-populated\">\n\t\t\t\t\t\t<div class=\"elementor-element elementor-element-a999ead elementor-widget elementor-widget-sectiontitle\" data-id=\"a999ead\" data-element_type=\"widget\" data-widget_type=\"sectiontitle.default\">\n\t\t\t\t<div class=\"elementor-widget-container\">\n\t\t\t\t\t\r\n\t\t\t\t<div class=\"\">\r\n\r\n\t\t\t<div class=\"section-title t_left\">\r\n\t\t\t\t\r\n\t\t\t\t\t\t\t\t<h5>Missions<\/h5>\r\n\t\t\t\t\t\t\t\t\r\n\t\t\t\t\t\t\t\t<h3>Notre mission : <\/h3>\r\n\t\t\t\t\t\t\t\t\r\n\t\t\t\t\t\t\t\t<h2>connecter, servir et  <span>optimiser<\/span><\/h2>\r\n\t\t\t\t\t\t\t\t\r\n\t\t\t\t<div class=\"bar-main\">\r\n\t\t\t\t\t<div class=\"bar bar-big\"><\/div>\r\n\t\t\t\t<\/div>\r\n\t\t\t\t\r\n\t\t\t\t\t\t\t\t<p>Offrir un accompagnement client complet et agile pour valoriser chaque interaction et propulser la croissance de nos partenaires<\/p>\r\n\t\t\t\t\t\t\t\t\r\n\t\t\t<\/div>\t\r\n\r\n\t\t<\/div>\r\n\r\n\t\t\r\n\t\t\t\t\t\t<\/div>\n\t\t\t\t<\/div>\n\t\t\t\t<div class=\"elementor-element elementor-element-8267641 elementor-icon-list--layout-inline elementor-list-item-link-full_width elementor-widget elementor-widget-icon-list\" data-id=\"8267641\" data-element_type=\"widget\" data-widget_type=\"icon-list.default\">\n\t\t\t\t\t\t\t<ul class=\"elementor-icon-list-items elementor-inline-items\">\n\t\t\t\t\t\t\t<li class=\"elementor-icon-list-item elementor-inline-item\">\n\t\t\t\t\t\t\t\t\t\t\t<span class=\"elementor-icon-list-icon\">\n\t\t\t\t\t\t\t<svg aria-hidden=\"true\" class=\"e-font-icon-svg e-fas-check-circle\" viewBox=\"0 0 512 512\" xmlns=\"http:\/\/www.w3.org\/2000\/svg\"><path d=\"M504 256c0 136.967-111.033 248-248 248S8 392.967 8 256 119.033 8 256 8s248 111.033 248 248zM227.314 387.314l184-184c6.248-6.248 6.248-16.379 0-22.627l-22.627-22.627c-6.248-6.249-16.379-6.249-22.628 0L216 308.118l-70.059-70.059c-6.248-6.248-16.379-6.248-22.628 0l-22.627 22.627c-6.248 6.248-6.248 16.379 0 22.627l104 104c6.249 6.249 16.379 6.249 22.628.001z\"><\/path><\/svg>\t\t\t\t\t\t<\/span>\n\t\t\t\t\t\t\t\t\t\t<span class=\"elementor-icon-list-text\">R\u00e9pondre avec empathie et professionnalisme sur tous les canaux<\/span>\n\t\t\t\t\t\t\t\t\t<\/li>\n\t\t\t\t\t\t\t\t<li class=\"elementor-icon-list-item elementor-inline-item\">\n\t\t\t\t\t\t\t\t\t\t\t<span class=\"elementor-icon-list-icon\">\n\t\t\t\t\t\t\t<svg aria-hidden=\"true\" class=\"e-font-icon-svg e-fas-check-circle\" viewBox=\"0 0 512 512\" xmlns=\"http:\/\/www.w3.org\/2000\/svg\"><path d=\"M504 256c0 136.967-111.033 248-248 248S8 392.967 8 256 119.033 8 256 8s248 111.033 248 248zM227.314 387.314l184-184c6.248-6.248 6.248-16.379 0-22.627l-22.627-22.627c-6.248-6.249-16.379-6.249-22.628 0L216 308.118l-70.059-70.059c-6.248-6.248-16.379-6.248-22.628 0l-22.627 22.627c-6.248 6.248-6.248 16.379 0 22.627l104 104c6.249 6.249 16.379 6.249 22.628.001z\"><\/path><\/svg>\t\t\t\t\t\t<\/span>\n\t\t\t\t\t\t\t\t\t\t<span class=\"elementor-icon-list-text\">Transformer chaque contact en opportunit\u00e9<\/span>\n\t\t\t\t\t\t\t\t\t<\/li>\n\t\t\t\t\t\t\t\t<li class=\"elementor-icon-list-item elementor-inline-item\">\n\t\t\t\t\t\t\t\t\t\t\t<span class=\"elementor-icon-list-icon\">\n\t\t\t\t\t\t\t<svg aria-hidden=\"true\" class=\"e-font-icon-svg e-fas-check-circle\" viewBox=\"0 0 512 512\" xmlns=\"http:\/\/www.w3.org\/2000\/svg\"><path d=\"M504 256c0 136.967-111.033 248-248 248S8 392.967 8 256 119.033 8 256 8s248 111.033 248 248zM227.314 387.314l184-184c6.248-6.248 6.248-16.379 0-22.627l-22.627-22.627c-6.248-6.249-16.379-6.249-22.628 0L216 308.118l-70.059-70.059c-6.248-6.248-16.379-6.248-22.628 0l-22.627 22.627c-6.248 6.248-6.248 16.379 0 22.627l104 104c6.249 6.249 16.379 6.249 22.628.001z\"><\/path><\/svg>\t\t\t\t\t\t<\/span>\n\t\t\t\t\t\t\t\t\t\t<span class=\"elementor-icon-list-text\">All\u00e9ger la charge de vos \u00e9quipes sans compromis sur la qualit\u00e9.<\/span>\n\t\t\t\t\t\t\t\t\t<\/li>\n\t\t\t\t\t\t<\/ul>\n\t\t\t\t\t\t<\/div>\n\t\t\t\t\t<\/div>\n\t\t<\/div>\n\t\t\t\t\t<\/div>\n\t\t<\/section>\n\t\t\t\t\t<\/div>\n\t\t<\/div>\n\t\t\t\t\t<\/div>\n\t\t<\/section>\n\t\t\t\t<section class=\"elementor-section elementor-top-section elementor-element elementor-element-a11b511 elementor-section-boxed elementor-section-height-default elementor-section-height-default\" data-id=\"a11b511\" data-element_type=\"section\" data-settings=\"{&quot;background_background&quot;:&quot;classic&quot;}\">\n\t\t\t\t\t\t\t<div class=\"elementor-background-overlay\"><\/div>\n\t\t\t\t\t\t\t<div class=\"elementor-container elementor-column-gap-default\">\n\t\t\t\t\t<div class=\"elementor-column elementor-col-100 elementor-top-column elementor-element elementor-element-dd9658a\" data-id=\"dd9658a\" data-element_type=\"column\">\n\t\t\t<div class=\"elementor-widget-wrap elementor-element-populated\">\n\t\t\t\t\t\t<section class=\"elementor-section elementor-inner-section elementor-element elementor-element-a8da011 elementor-section-boxed elementor-section-height-default elementor-section-height-default\" data-id=\"a8da011\" data-element_type=\"section\">\n\t\t\t\t\t\t<div class=\"elementor-container elementor-column-gap-default\">\n\t\t\t\t\t<div class=\"elementor-column elementor-col-50 elementor-inner-column elementor-element elementor-element-f0f23de\" data-id=\"f0f23de\" data-element_type=\"column\">\n\t\t\t<div class=\"elementor-widget-wrap elementor-element-populated\">\n\t\t\t\t\t\t<div class=\"elementor-element elementor-element-01f1a3d elementor-widget elementor-widget-sectiontitle\" data-id=\"01f1a3d\" data-element_type=\"widget\" data-widget_type=\"sectiontitle.default\">\n\t\t\t\t<div class=\"elementor-widget-container\">\n\t\t\t\t\t\r\n\t\t\t\t<div class=\"\">\r\n\r\n\t\t\t<div class=\"section-title t_left\">\r\n\t\t\t\t\r\n\t\t\t\t\t\t\t\t<h5>Visions<\/h5>\r\n\t\t\t\t\t\t\t\t\r\n\t\t\t\t\t\t\t\t<h3>Lineova, votre<\/h3>\r\n\t\t\t\t\t\t\t\t\r\n\t\t\t\t\t\t\t\t<h2> voix partout <span>dans le monde<\/span><\/h2>\r\n\t\t\t\t\t\t\t\t\r\n\t\t\t\t<div class=\"bar-main\">\r\n\t\t\t\t\t<div class=\"bar bar-big\"><\/div>\r\n\t\t\t\t<\/div>\r\n\t\t\t\t\r\n\t\t\t\t\t\t\t\t<p>Nous connectons les marques \u00e0 leurs clients, o\u00f9 qu'ils soient, gr\u00e2ce \u00e0 une exp\u00e9rience client fluide et multilingue.<\/p>\r\n\t\t\t\t\t\t\t\t\r\n\t\t\t<\/div>\t\r\n\r\n\t\t<\/div>\r\n\r\n\t\t\r\n\t\t\t\t\t\t<\/div>\n\t\t\t\t<\/div>\n\t\t\t\t<div class=\"elementor-element elementor-element-22e5b3b elementor-icon-list--layout-traditional elementor-list-item-link-full_width elementor-widget elementor-widget-icon-list\" data-id=\"22e5b3b\" data-element_type=\"widget\" data-widget_type=\"icon-list.default\">\n\t\t\t\t\t\t\t<ul class=\"elementor-icon-list-items\">\n\t\t\t\t\t\t\t<li class=\"elementor-icon-list-item\">\n\t\t\t\t\t\t\t\t\t\t\t<span class=\"elementor-icon-list-icon\">\n\t\t\t\t\t\t\t<svg aria-hidden=\"true\" class=\"e-font-icon-svg e-fas-check-circle\" viewBox=\"0 0 512 512\" xmlns=\"http:\/\/www.w3.org\/2000\/svg\"><path d=\"M504 256c0 136.967-111.033 248-248 248S8 392.967 8 256 119.033 8 256 8s248 111.033 248 248zM227.314 387.314l184-184c6.248-6.248 6.248-16.379 0-22.627l-22.627-22.627c-6.248-6.249-16.379-6.249-22.628 0L216 308.118l-70.059-70.059c-6.248-6.248-16.379-6.248-22.628 0l-22.627 22.627c-6.248 6.248-6.248 16.379 0 22.627l104 104c6.249 6.249 16.379 6.249 22.628.001z\"><\/path><\/svg>\t\t\t\t\t\t<\/span>\n\t\t\t\t\t\t\t\t\t\t<span class=\"elementor-icon-list-text\">Pr\u00e9sence mondiale, service local : vos clients se sentent chez eux.<\/span>\n\t\t\t\t\t\t\t\t\t<\/li>\n\t\t\t\t\t\t\t\t<li class=\"elementor-icon-list-item\">\n\t\t\t\t\t\t\t\t\t\t\t<span class=\"elementor-icon-list-icon\">\n\t\t\t\t\t\t\t<svg aria-hidden=\"true\" class=\"e-font-icon-svg e-fas-check-circle\" viewBox=\"0 0 512 512\" xmlns=\"http:\/\/www.w3.org\/2000\/svg\"><path d=\"M504 256c0 136.967-111.033 248-248 248S8 392.967 8 256 119.033 8 256 8s248 111.033 248 248zM227.314 387.314l184-184c6.248-6.248 6.248-16.379 0-22.627l-22.627-22.627c-6.248-6.249-16.379-6.249-22.628 0L216 308.118l-70.059-70.059c-6.248-6.248-16.379-6.248-22.628 0l-22.627 22.627c-6.248 6.248-6.248 16.379 0 22.627l104 104c6.249 6.249 16.379 6.249 22.628.001z\"><\/path><\/svg>\t\t\t\t\t\t<\/span>\n\t\t\t\t\t\t\t\t\t\t<span class=\"elementor-icon-list-text\">Une \u00e9quipe agile pour accompagner votre expansion internationale<\/span>\n\t\t\t\t\t\t\t\t\t<\/li>\n\t\t\t\t\t\t\t\t<li class=\"elementor-icon-list-item\">\n\t\t\t\t\t\t\t\t\t\t\t<span class=\"elementor-icon-list-icon\">\n\t\t\t\t\t\t\t<svg aria-hidden=\"true\" class=\"e-font-icon-svg e-fas-check-circle\" viewBox=\"0 0 512 512\" xmlns=\"http:\/\/www.w3.org\/2000\/svg\"><path d=\"M504 256c0 136.967-111.033 248-248 248S8 392.967 8 256 119.033 8 256 8s248 111.033 248 248zM227.314 387.314l184-184c6.248-6.248 6.248-16.379 0-22.627l-22.627-22.627c-6.248-6.249-16.379-6.249-22.628 0L216 308.118l-70.059-70.059c-6.248-6.248-16.379-6.248-22.628 0l-22.627 22.627c-6.248 6.248-6.248 16.379 0 22.627l104 104c6.249 6.249 16.379 6.249 22.628.001z\"><\/path><\/svg>\t\t\t\t\t\t<\/span>\n\t\t\t\t\t\t\t\t\t\t<span class=\"elementor-icon-list-text\">Des solutions sur mesure qui suivent vos ambitions globales.<\/span>\n\t\t\t\t\t\t\t\t\t<\/li>\n\t\t\t\t\t\t<\/ul>\n\t\t\t\t\t\t<\/div>\n\t\t\t\t\t<\/div>\n\t\t<\/div>\n\t\t\t\t<div class=\"elementor-column elementor-col-50 elementor-inner-column elementor-element elementor-element-1d77036\" data-id=\"1d77036\" data-element_type=\"column\">\n\t\t\t<div class=\"elementor-widget-wrap\">\n\t\t\t\t\t\t\t<\/div>\n\t\t<\/div>\n\t\t\t\t\t<\/div>\n\t\t<\/section>\n\t\t\t\t\t<\/div>\n\t\t<\/div>\n\t\t\t\t\t<\/div>\n\t\t<\/section>\n\t\t\t\t<section class=\"elementor-section elementor-top-section elementor-element elementor-element-84e35ea elementor-section-boxed elementor-section-height-default elementor-section-height-default\" data-id=\"84e35ea\" data-element_type=\"section\">\n\t\t\t\t\t\t<div class=\"elementor-container elementor-column-gap-default\">\n\t\t\t\t\t<div class=\"elementor-column elementor-col-100 elementor-top-column elementor-element elementor-element-06f6514\" data-id=\"06f6514\" data-element_type=\"column\">\n\t\t\t<div class=\"elementor-widget-wrap elementor-element-populated\">\n\t\t\t\t\t\t<div class=\"elementor-element elementor-element-0a2de79 elementor-widget elementor-widget-sectiontitle\" data-id=\"0a2de79\" data-element_type=\"widget\" data-widget_type=\"sectiontitle.default\">\n\t\t\t\t<div class=\"elementor-widget-container\">\n\t\t\t\t\t\r\n\t\t\t\t<div class=\"\">\r\n\r\n\t\t\t<div class=\"section-title t_center\">\r\n\t\t\t\t\r\n\t\t\t\t\t\t\t\t<h5>Historique<\/h5>\r\n\t\t\t\t\t\t\t\t\r\n\t\t\t\t\t\t\t\t\r\n\t\t\t\t\t\t\t\t<h2>Notre <span>Histoire<\/span><\/h2>\r\n\t\t\t\t\t\t\t\t\r\n\t\t\t\t<div class=\"bar-main\">\r\n\t\t\t\t\t<div class=\"bar bar-big\"><\/div>\r\n\t\t\t\t<\/div>\r\n\t\t\t\t\r\n\t\t\t\t\t\t\t\t\r\n\t\t\t<\/div>\t\r\n\r\n\t\t<\/div>\r\n\r\n\t\t\r\n\t\t\t\t\t\t<\/div>\n\t\t\t\t<\/div>\n\t\t\t\t<div class=\"elementor-element elementor-element-cfb1d42 elementor-widget elementor-widget-road-map\" data-id=\"cfb1d42\" data-element_type=\"widget\" data-widget_type=\"road-map.default\">\n\t\t\t\t<div class=\"elementor-widget-container\">\n\t\t\t\t\t\r\n\t\t\r\n\t\t\t<div class=\"education-timline\">\t\r\n\t\t\t\t\t\t\t\t\t\t\r\n\t\t\t\t\r\n\t\t\t\t\t<div class=\"single-education\">\r\n\r\n\t\t\t\t\t\t<div class=\"education_points\"><\/div>\r\n\r\n\t\t\t\t\t\t<div class=\"education-date\">\r\n\t\t\t\t\t\t\t<span>Mars 2020<\/span>\r\n\t\t\t\t\t\t<\/div>\r\n\r\n\t\t\t\t\t\t<div class=\"education_text\">\r\n\t\t\t\t\t\t\t<h3>Creation de Lineova<\/h3>\r\n\t\t\t\t\t\t\t\r\n\t\t\t\t\t\t\t<p>Lineova est n\u00e9e en 2020, au c\u0153ur d'un contexte mondial en pleine transformation. Face \u00e0 la digitalisation rapide et \u00e0 l'exigence croissante des consommateurs, l'entreprise a \u00e9t\u00e9 fond\u00e9e avec l'objectif clair d'offrir un service client moderne, humain et multicanal.<\/p>\r\n\t\t\t\t\t\t<\/div>\r\n\t\t\t\t\t<\/div>\r\n\r\n\t\t\t\t\r\n\t\t\t\t\t<div class=\"single-education\">\r\n\r\n\t\t\t\t\t\t<div class=\"education_points\"><\/div>\r\n\r\n\t\t\t\t\t\t<div class=\"education-date\">\r\n\t\t\t\t\t\t\t<span>Juin 2021<\/span>\r\n\t\t\t\t\t\t<\/div>\r\n\r\n\t\t\t\t\t\t<div class=\"education_text\">\r\n\t\t\t\t\t\t\t<h3>Croissance et consolidation<\/h3>\r\n\t\t\t\t\t\t\t\r\n\t\t\t\t\t\t\t<p>D\u00e8s ses premi\u00e8res ann\u00e9es, Lineova a connu une forte croissance gr\u00e2ce \u00e0 une offre adapt\u00e9e aux entreprises souhaitant externaliser leur relation client sans perdre en qualit\u00e9. Son approche centr\u00e9e sur l'exp\u00e9rience client a rapidement s\u00e9duit des PME comme des grandes entreprises.<\/p>\r\n\t\t\t\t\t\t<\/div>\r\n\t\t\t\t\t<\/div>\r\n\r\n\t\t\t\t\r\n\t\t\t\t\t<div class=\"single-education\">\r\n\r\n\t\t\t\t\t\t<div class=\"education_points\"><\/div>\r\n\r\n\t\t\t\t\t\t<div class=\"education-date\">\r\n\t\t\t\t\t\t\t<span>Octobre 2021<\/span>\r\n\t\t\t\t\t\t<\/div>\r\n\r\n\t\t\t\t\t\t<div class=\"education_text\">\r\n\t\t\t\t\t\t\t<h3>Diversification des services<\/h3>\r\n\t\t\t\t\t\t\t\r\n\t\t\t\t\t\t\t<p>Entre 2022 et 2024, Lineova a enrichi ses services : gestion multilingue, g\u00e9n\u00e9ration de leads, support technique, et campagnes sortantes personnalis\u00e9es. Cette diversification a permis d'\u00e9largir sa client\u00e8le \u00e0 divers secteurs d'activit\u00e9 et d'optimiser la performance des marques accompagn\u00e9es.<\/p>\r\n\t\t\t\t\t\t<\/div>\r\n\t\t\t\t\t<\/div>\r\n\r\n\t\t\t\t\r\n\t\t\t\t\t<div class=\"single-education\">\r\n\r\n\t\t\t\t\t\t<div class=\"education_points\"><\/div>\r\n\r\n\t\t\t\t\t\t<div class=\"education-date\">\r\n\t\t\t\t\t\t\t<span>Juillet 2022<\/span>\r\n\t\t\t\t\t\t<\/div>\r\n\r\n\t\t\t\t\t\t<div class=\"education_text\">\r\n\t\t\t\t\t\t\t<h3>Ouverture \u00e0 l'international<\/h3>\r\n\t\t\t\t\t\t\t\r\n\t\t\t\t\t\t\t<p>Depuis 2024, Lineova d\u00e9ploie une strat\u00e9gie d'expansion internationale. Gr\u00e2ce \u00e0 son r\u00e9seau de talents r\u00e9partis dans plusieurs pays et \u00e0 des outils technologiques performants, l'entreprise accompagne aujourd'hui ses clients au-del\u00e0 des fronti\u00e8res, avec la m\u00eame exigence de qualit\u00e9 et de proximit\u00e9.<\/p>\r\n\t\t\t\t\t\t<\/div>\r\n\t\t\t\t\t<\/div>\r\n\r\n\t\t\t\t\t\r\n\r\n\t\t\t<\/div>\r\n\r\n\t\t\r\n\t\t\t\t\t<\/div>\n\t\t\t\t<\/div>\n\t\t\t\t\t<\/div>\n\t\t<\/div>\n\t\t\t\t\t<\/div>\n\t\t<\/section>\n\t\t\t\t<\/div>\n\t\t","protected":false},"excerpt":{"rendered":"<p>01 Un service \u00e0 la hauteur Notre \u00e9quipe r\u00e9pond \u00e0 vos clients avec courtoisie, efficacit\u00e9 et professionnalisme, 24h\/7. Votre image est entre de bonnes mains. 02 Des r\u00e9sultats concrets Nous optimisons chaque appel pour g\u00e9n\u00e9rer plus de satisfaction, plus de conversions et plus de fid\u00e9lit\u00e9 \u00e0 votre marque. 03 Partenaire id\u00e9al Lineova soutient la croissance [&hellip;]<\/p>\n","protected":false},"author":1,"featured_media":0,"parent":0,"menu_order":0,"comment_status":"closed","ping_status":"closed","template":"page-templates\/template-default.php","meta":{"footnotes":""},"class_list":["post-2473","page","type-page","status-publish","hentry"],"_links":{"self":[{"href":"https:\/\/lineova.com\/index.php?rest_route=\/wp\/v2\/pages\/2473","targetHints":{"allow":["GET"]}}],"collection":[{"href":"https:\/\/lineova.com\/index.php?rest_route=\/wp\/v2\/pages"}],"about":[{"href":"https:\/\/lineova.com\/index.php?rest_route=\/wp\/v2\/types\/page"}],"author":[{"embeddable":true,"href":"https:\/\/lineova.com\/index.php?rest_route=\/wp\/v2\/users\/1"}],"replies":[{"embeddable":true,"href":"https:\/\/lineova.com\/index.php?rest_route=%2Fwp%2Fv2%2Fcomments&post=2473"}],"version-history":[{"count":52,"href":"https:\/\/lineova.com\/index.php?rest_route=\/wp\/v2\/pages\/2473\/revisions"}],"predecessor-version":[{"id":2963,"href":"https:\/\/lineova.com\/index.php?rest_route=\/wp\/v2\/pages\/2473\/revisions\/2963"}],"wp:attachment":[{"href":"https:\/\/lineova.com\/index.php?rest_route=%2Fwp%2Fv2%2Fmedia&parent=2473"}],"curies":[{"name":"wp","href":"https:\/\/api.w.org\/{rel}","templated":true}]}}