{"id":2762,"date":"2025-07-10T02:33:39","date_gmt":"2025-07-10T02:33:39","guid":{"rendered":"https:\/\/lineova.com\/?page_id=2762"},"modified":"2025-08-02T21:43:51","modified_gmt":"2025-08-02T21:43:51","slug":"services-entrants","status":"publish","type":"page","link":"https:\/\/lineova.com\/?page_id=2762","title":{"rendered":"Service entrants"},"content":{"rendered":"\t\t<div data-elementor-type=\"wp-page\" data-elementor-id=\"2762\" class=\"elementor elementor-2762\">\n\t\t\t\t\t\t<section class=\"elementor-section elementor-top-section elementor-element elementor-element-935fe53 elementor-section-boxed elementor-section-height-default elementor-section-height-default\" data-id=\"935fe53\" data-element_type=\"section\">\n\t\t\t\t\t\t<div class=\"elementor-container elementor-column-gap-default\">\n\t\t\t\t\t<div class=\"elementor-column elementor-col-50 elementor-top-column elementor-element elementor-element-14deeed\" data-id=\"14deeed\" data-element_type=\"column\">\n\t\t\t<div class=\"elementor-widget-wrap elementor-element-populated\">\n\t\t\t\t\t\t<div class=\"elementor-element elementor-element-2075f54 elementor-widget elementor-widget-image\" data-id=\"2075f54\" data-element_type=\"widget\" data-widget_type=\"image.default\">\n\t\t\t\t\t\t\t\t\t\t\t\t\t\t\t<img fetchpriority=\"high\" decoding=\"async\" width=\"725\" height=\"779\" src=\"https:\/\/lineova.com\/wp-content\/uploads\/2025\/07\/serv-entr.jpg\" class=\"attachment-large size-large wp-image-2831\" alt=\"\" srcset=\"https:\/\/lineova.com\/wp-content\/uploads\/2025\/07\/serv-entr.jpg 725w, https:\/\/lineova.com\/wp-content\/uploads\/2025\/07\/serv-entr-279x300.jpg 279w\" sizes=\"(max-width: 725px) 100vw, 725px\" \/>\t\t\t\t\t\t\t\t\t\t\t\t\t\t\t<\/div>\n\t\t\t\t\t<\/div>\n\t\t<\/div>\n\t\t\t\t<div class=\"elementor-column elementor-col-50 elementor-top-column elementor-element elementor-element-5cca48d\" data-id=\"5cca48d\" data-element_type=\"column\">\n\t\t\t<div class=\"elementor-widget-wrap elementor-element-populated\">\n\t\t\t\t\t\t<div class=\"elementor-element elementor-element-d8edcb4 elementor-widget elementor-widget-sectiontitle\" data-id=\"d8edcb4\" data-element_type=\"widget\" data-widget_type=\"sectiontitle.default\">\n\t\t\t\t<div class=\"elementor-widget-container\">\n\t\t\t\t\t\r\n\t\t\t\t<div class=\"\">\r\n\r\n\t\t\t<div class=\"section-title t_left\">\r\n\t\t\t\t\r\n\t\t\t\t\t\t\t\t<h5>Nos services entrants<\/h5>\r\n\t\t\t\t\t\t\t\t\r\n\t\t\t\t\t\t\t\t<h3>Des services entrants \u00e0 la<\/h3>\r\n\t\t\t\t\t\t\t\t\r\n\t\t\t\t\t\t\t\t<h2>hauteur de <span>vos attentes<\/span><\/h2>\r\n\t\t\t\t\t\t\t\t\r\n\t\t\t\t<div class=\"bar-main\">\r\n\t\t\t\t\t<div class=\"bar bar-big\"><\/div>\r\n\t\t\t\t<\/div>\r\n\t\t\t\t\r\n\t\t\t\t\t\t\t\t<p>Nos services entrants sont le premier point de contact avec votre client\u00e8le : nous accueillons chaque demande, r\u00e9pondons clairement et rapidement, r\u00e9solvons les probl\u00e8mes et fid\u00e9lisons vos clients, toujours avec professionnalisme et empathie.<\/p>\r\n\t\t\t\t\t\t\t\t\r\n\t\t\t<\/div>\t\r\n\r\n\t\t<\/div>\r\n\r\n\t\t\r\n\t\t\t\t\t\t<\/div>\n\t\t\t\t<\/div>\n\t\t\t\t<section class=\"elementor-section elementor-inner-section elementor-element elementor-element-9985d63 elementor-section-boxed elementor-section-height-default elementor-section-height-default\" data-id=\"9985d63\" data-element_type=\"section\">\n\t\t\t\t\t\t<div class=\"elementor-container elementor-column-gap-default\">\n\t\t\t\t\t<div class=\"elementor-column elementor-col-50 elementor-inner-column elementor-element elementor-element-6d36605\" data-id=\"6d36605\" data-element_type=\"column\">\n\t\t\t<div class=\"elementor-widget-wrap elementor-element-populated\">\n\t\t\t\t\t\t<div class=\"elementor-element elementor-element-d41f024 elementor-widget elementor-widget-iconbox\" data-id=\"d41f024\" data-element_type=\"widget\" data-widget_type=\"iconbox.default\">\n\t\t\t\t<div class=\"elementor-widget-container\">\n\t\t\t\t\t\n\t\t\n\t\t<div class=\"icon-box\">\n\n\t\t\t<div class=\"icon-box-icon\">\n\n\t\t\t\t\t\t\t\t<div class=\"icon\">\n\t\t\t\t\t<i class=\"flaticon-window-cleaner\"><\/i>\n\t\t\t\t<\/div>\n\n\t\t\t\t\n\t\t\t<\/div>\n\n\t\t\t<div class=\"icon-box-content\">\n\t\t\t\t<div class=\"title\">\n\t\t\t\t\t<h2>R\u00e9ception d\u2019appels<\/h2>\n\t\t\t\t<\/div>\n\t\t\t\t<div class=\"description\">\n\t\t\t\t\t\n\t\t\t\t\t\t\t\t\t\t<p>R\u00e9ponse 24\/7, filtrage, et distribution vers l\u2019agent le plus adapt\u00e9<\/p>\n\t\t\t\t\t\t\t\t\t<\/div>\n\t\t\t<\/div>\n\t\t<\/div>\n\n\t\t\n\t\t\t\t\t\t<\/div>\n\t\t\t\t<\/div>\n\t\t\t\t\t<\/div>\n\t\t<\/div>\n\t\t\t\t<div class=\"elementor-column elementor-col-50 elementor-inner-column elementor-element elementor-element-2221a33\" data-id=\"2221a33\" data-element_type=\"column\">\n\t\t\t<div class=\"elementor-widget-wrap elementor-element-populated\">\n\t\t\t\t\t\t<div class=\"elementor-element elementor-element-1785e5c elementor-widget elementor-widget-iconbox\" data-id=\"1785e5c\" data-element_type=\"widget\" data-widget_type=\"iconbox.default\">\n\t\t\t\t<div class=\"elementor-widget-container\">\n\t\t\t\t\t\n\t\t\n\t\t<div class=\"icon-box\">\n\n\t\t\t<div class=\"icon-box-icon\">\n\n\t\t\t\t\t\t\t\t<div class=\"icon\">\n\t\t\t\t\t<i class=\"flaticon-electrician-4\"><\/i>\n\t\t\t\t<\/div>\n\n\t\t\t\t\n\t\t\t<\/div>\n\n\t\t\t<div class=\"icon-box-content\">\n\t\t\t\t<div class=\"title\">\n\t\t\t\t\t<h2>Support client<\/h2>\n\t\t\t\t<\/div>\n\t\t\t\t<div class=\"description\">\n\t\t\t\t\t\n\t\t\t\t\t\t\t\t\t\t<p>R\u00e9ponses aux questions, traitement des r\u00e9clamations, assistance g\u00e9n\u00e9rale.<\/p>\n\t\t\t\t\t\t\t\t\t<\/div>\n\t\t\t<\/div>\n\t\t<\/div>\n\n\t\t\n\t\t\t\t\t\t<\/div>\n\t\t\t\t<\/div>\n\t\t\t\t\t<\/div>\n\t\t<\/div>\n\t\t\t\t\t<\/div>\n\t\t<\/section>\n\t\t\t\t<section class=\"elementor-section elementor-inner-section elementor-element elementor-element-3b190a1 elementor-section-boxed elementor-section-height-default elementor-section-height-default\" data-id=\"3b190a1\" data-element_type=\"section\">\n\t\t\t\t\t\t<div class=\"elementor-container elementor-column-gap-default\">\n\t\t\t\t\t<div class=\"elementor-column elementor-col-50 elementor-inner-column elementor-element elementor-element-5adf16e\" data-id=\"5adf16e\" data-element_type=\"column\">\n\t\t\t<div class=\"elementor-widget-wrap elementor-element-populated\">\n\t\t\t\t\t\t<div class=\"elementor-element elementor-element-2047368 elementor-widget elementor-widget-iconbox\" data-id=\"2047368\" data-element_type=\"widget\" data-widget_type=\"iconbox.default\">\n\t\t\t\t<div class=\"elementor-widget-container\">\n\t\t\t\t\t\n\t\t\n\t\t<div class=\"icon-box\">\n\n\t\t\t<div class=\"icon-box-icon\">\n\n\t\t\t\t\t\t\t\t<div class=\"icon\">\n\t\t\t\t\t<i class=\"flaticon-electrician-7\"><\/i>\n\t\t\t\t<\/div>\n\n\t\t\t\t\n\t\t\t<\/div>\n\n\t\t\t<div class=\"icon-box-content\">\n\t\t\t\t<div class=\"title\">\n\t\t\t\t\t<h2>Prise de commandes<\/h2>\n\t\t\t\t<\/div>\n\t\t\t\t<div class=\"description\">\n\t\t\t\t\t\n\t\t\t\t\t\t\t\t\t\t<p>Nous qualifions vos leads, \u00e9valuons leur int\u00e9r\u00eat, puis finalisons leurs commandes.<\/p>\n\t\t\t\t\t\t\t\t\t<\/div>\n\t\t\t<\/div>\n\t\t<\/div>\n\n\t\t\n\t\t\t\t\t\t<\/div>\n\t\t\t\t<\/div>\n\t\t\t\t\t<\/div>\n\t\t<\/div>\n\t\t\t\t<div class=\"elementor-column elementor-col-50 elementor-inner-column elementor-element elementor-element-0e8484e\" data-id=\"0e8484e\" data-element_type=\"column\">\n\t\t\t<div class=\"elementor-widget-wrap elementor-element-populated\">\n\t\t\t\t\t\t<div class=\"elementor-element elementor-element-6f8eb48 elementor-widget elementor-widget-iconbox\" data-id=\"6f8eb48\" data-element_type=\"widget\" data-widget_type=\"iconbox.default\">\n\t\t\t\t<div class=\"elementor-widget-container\">\n\t\t\t\t\t\n\t\t\n\t\t<div class=\"icon-box\">\n\n\t\t\t<div class=\"icon-box-icon\">\n\n\t\t\t\t\t\t\t\t<div class=\"icon\">\n\t\t\t\t\t<i class=\"flaticon-electrician-6\"><\/i>\n\t\t\t\t<\/div>\n\n\t\t\t\t\n\t\t\t<\/div>\n\n\t\t\t<div class=\"icon-box-content\">\n\t\t\t\t<div class=\"title\">\n\t\t\t\t\t<h2>Prise de rendez-vous<\/h2>\n\t\t\t\t<\/div>\n\t\t\t\t<div class=\"description\">\n\t\t\t\t\t\n\t\t\t\t\t\t\t\t\t\t<p>R\u00e9servation d\u2019\u00e9v\u00e9nements, consultations, services sur site<\/p>\n\t\t\t\t\t\t\t\t\t<\/div>\n\t\t\t<\/div>\n\t\t<\/div>\n\n\t\t\n\t\t\t\t\t\t<\/div>\n\t\t\t\t<\/div>\n\t\t\t\t\t<\/div>\n\t\t<\/div>\n\t\t\t\t\t<\/div>\n\t\t<\/section>\n\t\t\t\t<div class=\"elementor-element elementor-element-ff23a33 elementor-widget elementor-widget-button\" data-id=\"ff23a33\" data-element_type=\"widget\" data-widget_type=\"button.default\">\n\t\t\t\t<div class=\"elementor-widget-container\">\n\t\t\t\t\t\r\n\r\n\r\n\t\t\r\n\t\t\t\t<div class=\"dreamit-button-box\">\r\n\t\t\t\t\t\t\t\t\t\t<div class=\"dreamit-button\">\r\n\t\t\t\t\t\t<a href=\"#\">\r\n\t\t\t\t\t\t\tContactez-nous\t\t\t\t\t\t\t<i ><\/i>\r\n\t\t\t\t\t\t<\/a>\r\n\t\t\t\t\t<\/div>\r\n\t\t\t\t\t\t\t\t\t<\/div>\r\n\r\n\t\t\r\n\t\t\t\t\t<\/div>\n\t\t\t\t<\/div>\n\t\t\t\t\t<\/div>\n\t\t<\/div>\n\t\t\t\t\t<\/div>\n\t\t<\/section>\n\t\t\t\t<section class=\"elementor-section elementor-top-section elementor-element elementor-element-bb913e1 elementor-section-boxed elementor-section-height-default elementor-section-height-default\" data-id=\"bb913e1\" data-element_type=\"section\" data-settings=\"{&quot;background_background&quot;:&quot;classic&quot;}\">\n\t\t\t\t\t\t<div class=\"elementor-container elementor-column-gap-default\">\n\t\t\t\t\t<div class=\"elementor-column elementor-col-25 elementor-top-column elementor-element elementor-element-9813411\" data-id=\"9813411\" data-element_type=\"column\">\n\t\t\t<div class=\"elementor-widget-wrap elementor-element-populated\">\n\t\t\t\t\t\t<div class=\"elementor-element elementor-element-348a662 elementor-widget elementor-widget-counter\" data-id=\"348a662\" data-element_type=\"widget\" data-widget_type=\"counter.default\">\n\t\t\t\t<div class=\"elementor-widget-container\">\n\t\t\t\t\t\t\t\t<div class=\"single_counter default_style left\">\r\n\t\t\t\t<div class=\"single_counter_inner\">\t\t\t\t\t\r\n\t\t\t\t\t\r\n\t\t\t\t\t\t\t\t\t\t<div class=\"counter_icon\">\t\t\t\r\n\t\t\t\t\t\t<i class=\"flaticon-electrician-3\"><\/i>\t\t\r\n\t\t\t\t\t<\/div>\r\n\t\t\t\t\t\t\t\t\t\t\r\n\t\t\t\t\t<div class=\"countr_text\">\r\n\t\t\t\t\t\t<h1>3582<\/h1>\r\n\t\t\t\t\t\t<h3><\/h3>\r\n\t\t\t\t\t<\/div>\r\n\r\n\t\t\t\t\t<div class=\"counter_title\">\r\n\t\t\t\t\t\t<h4>Clients Satisfaits<\/h4>\r\n\t\t\t\t\t<\/div>\t\r\n\t\t\t\t\t\r\n\t\t\t\t<\/div>\r\n\t\t\t<\/div>\r\n\t\t\t\t\t\t<\/div>\n\t\t\t\t<\/div>\n\t\t\t\t\t<\/div>\n\t\t<\/div>\n\t\t\t\t<div class=\"elementor-column elementor-col-25 elementor-top-column elementor-element elementor-element-459d30c\" data-id=\"459d30c\" data-element_type=\"column\">\n\t\t\t<div class=\"elementor-widget-wrap elementor-element-populated\">\n\t\t\t\t\t\t<div class=\"elementor-element elementor-element-65dce82 elementor-widget elementor-widget-counter\" data-id=\"65dce82\" data-element_type=\"widget\" data-widget_type=\"counter.default\">\n\t\t\t\t<div class=\"elementor-widget-container\">\n\t\t\t\t\t\t\t\t<div class=\"single_counter default_style left\">\r\n\t\t\t\t<div class=\"single_counter_inner\">\t\t\t\t\t\r\n\t\t\t\t\t\r\n\t\t\t\t\t\t\t\t\t\t<div class=\"counter_icon\">\t\t\t\r\n\t\t\t\t\t\t<i class=\"flaticon-dimmer\"><\/i>\t\t\r\n\t\t\t\t\t<\/div>\r\n\t\t\t\t\t\t\t\t\t\t\r\n\t\t\t\t\t<div class=\"countr_text\">\r\n\t\t\t\t\t\t<h1>5874<\/h1>\r\n\t\t\t\t\t\t<h3><\/h3>\r\n\t\t\t\t\t<\/div>\r\n\r\n\t\t\t\t\t<div class=\"counter_title\">\r\n\t\t\t\t\t\t<h4>Projets R\u00e9alis\u00e9s<\/h4>\r\n\t\t\t\t\t<\/div>\t\r\n\t\t\t\t\t\r\n\t\t\t\t<\/div>\r\n\t\t\t<\/div>\r\n\t\t\t\t\t\t<\/div>\n\t\t\t\t<\/div>\n\t\t\t\t\t<\/div>\n\t\t<\/div>\n\t\t\t\t<div class=\"elementor-column elementor-col-25 elementor-top-column elementor-element elementor-element-98722a8\" data-id=\"98722a8\" data-element_type=\"column\">\n\t\t\t<div class=\"elementor-widget-wrap elementor-element-populated\">\n\t\t\t\t\t\t<div class=\"elementor-element elementor-element-d17a5fc elementor-widget elementor-widget-counter\" data-id=\"d17a5fc\" data-element_type=\"widget\" data-widget_type=\"counter.default\">\n\t\t\t\t<div class=\"elementor-widget-container\">\n\t\t\t\t\t\t\t\t<div class=\"single_counter default_style left\">\r\n\t\t\t\t<div class=\"single_counter_inner\">\t\t\t\t\t\r\n\t\t\t\t\t\r\n\t\t\t\t\t\t\t\t\t\t<div class=\"counter_icon\">\t\t\t\r\n\t\t\t\t\t\t<i class=\"flaticon-fuse-box\"><\/i>\t\t\r\n\t\t\t\t\t<\/div>\r\n\t\t\t\t\t\t\t\t\t\t\r\n\t\t\t\t\t<div class=\"countr_text\">\r\n\t\t\t\t\t\t<h1>215<\/h1>\r\n\t\t\t\t\t\t<h3><\/h3>\r\n\t\t\t\t\t<\/div>\r\n\r\n\t\t\t\t\t<div class=\"counter_title\">\r\n\t\t\t\t\t\t<h4>Agents Qualifi\u00e9s<\/h4>\r\n\t\t\t\t\t<\/div>\t\r\n\t\t\t\t\t\r\n\t\t\t\t<\/div>\r\n\t\t\t<\/div>\r\n\t\t\t\t\t\t<\/div>\n\t\t\t\t<\/div>\n\t\t\t\t\t<\/div>\n\t\t<\/div>\n\t\t\t\t<div class=\"elementor-column elementor-col-25 elementor-top-column elementor-element elementor-element-226afff\" data-id=\"226afff\" data-element_type=\"column\">\n\t\t\t<div class=\"elementor-widget-wrap elementor-element-populated\">\n\t\t\t\t\t\t<div class=\"elementor-element elementor-element-eea6255 elementor-widget elementor-widget-counter\" data-id=\"eea6255\" data-element_type=\"widget\" data-widget_type=\"counter.default\">\n\t\t\t\t<div class=\"elementor-widget-container\">\n\t\t\t\t\t\t\t\t<div class=\"single_counter default_style left\">\r\n\t\t\t\t<div class=\"single_counter_inner\">\t\t\t\t\t\r\n\t\t\t\t\t\r\n\t\t\t\t\t\t\t\t\t\t<div class=\"counter_icon\">\t\t\t\r\n\t\t\t\t\t\t<i class=\"flaticon-electrician-4\"><\/i>\t\t\r\n\t\t\t\t\t<\/div>\r\n\t\t\t\t\t\t\t\t\t\t\r\n\t\t\t\t\t<div class=\"countr_text\">\r\n\t\t\t\t\t\t<h1>3452<\/h1>\r\n\t\t\t\t\t\t<h3><\/h3>\r\n\t\t\t\t\t<\/div>\r\n\r\n\t\t\t\t\t<div class=\"counter_title\">\r\n\t\t\t\t\t\t<h4>Projets en Cours   <\/h4>\r\n\t\t\t\t\t<\/div>\t\r\n\t\t\t\t\t\r\n\t\t\t\t<\/div>\r\n\t\t\t<\/div>\r\n\t\t\t\t\t\t<\/div>\n\t\t\t\t<\/div>\n\t\t\t\t\t<\/div>\n\t\t<\/div>\n\t\t\t\t\t<\/div>\n\t\t<\/section>\n\t\t\t\t<section class=\"elementor-section elementor-top-section elementor-element elementor-element-a249ee6 elementor-section-boxed elementor-section-height-default elementor-section-height-default\" data-id=\"a249ee6\" data-element_type=\"section\" data-settings=\"{&quot;background_background&quot;:&quot;classic&quot;}\">\n\t\t\t\t\t\t\t<div class=\"elementor-background-overlay\"><\/div>\n\t\t\t\t\t\t\t<div class=\"elementor-container elementor-column-gap-default\">\n\t\t\t\t\t<div class=\"elementor-column elementor-col-100 elementor-top-column elementor-element elementor-element-81edf5c\" data-id=\"81edf5c\" data-element_type=\"column\">\n\t\t\t<div class=\"elementor-widget-wrap elementor-element-populated\">\n\t\t\t\t\t\t<section class=\"elementor-section elementor-inner-section elementor-element elementor-element-2a08dd7 elementor-section-boxed elementor-section-height-default elementor-section-height-default\" data-id=\"2a08dd7\" data-element_type=\"section\">\n\t\t\t\t\t\t<div class=\"elementor-container elementor-column-gap-default\">\n\t\t\t\t\t<div class=\"elementor-column elementor-col-33 elementor-inner-column elementor-element elementor-element-a6f936e\" data-id=\"a6f936e\" data-element_type=\"column\">\n\t\t\t<div class=\"elementor-widget-wrap elementor-element-populated\">\n\t\t\t\t\t\t<div class=\"elementor-element elementor-element-243da95 elementor-widget elementor-widget-service\" data-id=\"243da95\" data-element_type=\"widget\" data-widget_type=\"service.default\">\n\t\t\t\t<div class=\"elementor-widget-container\">\n\t\t\t\t\t\r\n\t\t\r\n\t\t\t<div class=\"service-box service-style-four\">\r\n\r\n\t\t\t\t\t\t\t\t<div class=\"service-box-icon\">\r\n\t\t\t\t\t<i class=\"flaticon-car-service\"><\/i>\r\n\t\t\t\t<\/div>\r\n\t\t\t\t\r\n\t\t\t\t<div class=\"service-box-content\">\r\n\r\n\t\t\t\t\t<div class=\"service-box-title\" >\r\n\t\t\t\t\t\t<h2>Gestion des urgences<\/h2>\r\n\t\t\t\t\t<\/div>\r\n\r\n\t\t\t\t\t<div class=\"service-box-desc\" >\r\n\t\t\t\t\t\t<p>Traiter les situations urgentes n\u00e9cessitant une action rapide ou une transmission imm\u00e9diate.<\/p>\r\n\t\t\t\t\t<\/div>\r\n\r\n\t\t\t\t\t\r\n\t\t\t\t<\/div><!-- .service-box-content -->\r\n\t\t\t<\/div><!-- .service-box .service-style-four -->\r\n\r\n\t\t\t\t\t\t<\/div>\n\t\t\t\t<\/div>\n\t\t\t\t\t<\/div>\n\t\t<\/div>\n\t\t\t\t<div class=\"elementor-column elementor-col-33 elementor-inner-column elementor-element elementor-element-3a8d117 active\" data-id=\"3a8d117\" data-element_type=\"column\">\n\t\t\t<div class=\"elementor-widget-wrap elementor-element-populated\">\n\t\t\t\t\t\t<div class=\"elementor-element elementor-element-d5ed439 elementor-widget elementor-widget-service\" data-id=\"d5ed439\" data-element_type=\"widget\" data-widget_type=\"service.default\">\n\t\t\t\t<div class=\"elementor-widget-container\">\n\t\t\t\t\t\r\n\t\t\r\n\t\t\t<div class=\"service-box service-style-four\">\r\n\r\n\t\t\t\t\t\t\t\t<div class=\"service-box-icon\">\r\n\t\t\t\t\t<i class=\"flaticon-electrical-circuit\"><\/i>\r\n\t\t\t\t<\/div>\r\n\t\t\t\t\r\n\t\t\t\t<div class=\"service-box-content\">\r\n\r\n\t\t\t\t\t<div class=\"service-box-title\" >\r\n\t\t\t\t\t\t<h2>Enqu\u00eates de satisfaction<\/h2>\r\n\t\t\t\t\t<\/div>\r\n\r\n\t\t\t\t\t<div class=\"service-box-desc\" >\r\n\t\t\t\t\t\t<p>Recueillir les retours des clients pour mesurer leur satisfaction suite \u00e0 une interaction ou un achat.<\/p>\r\n\t\t\t\t\t<\/div>\r\n\r\n\t\t\t\t\t\r\n\t\t\t\t<\/div><!-- .service-box-content -->\r\n\t\t\t<\/div><!-- .service-box .service-style-four -->\r\n\r\n\t\t\t\t\t\t<\/div>\n\t\t\t\t<\/div>\n\t\t\t\t\t<\/div>\n\t\t<\/div>\n\t\t\t\t<div class=\"elementor-column elementor-col-33 elementor-inner-column elementor-element elementor-element-aca42e8\" data-id=\"aca42e8\" data-element_type=\"column\">\n\t\t\t<div class=\"elementor-widget-wrap elementor-element-populated\">\n\t\t\t\t\t\t<div class=\"elementor-element elementor-element-0aef0ce elementor-widget elementor-widget-service\" data-id=\"0aef0ce\" data-element_type=\"widget\" data-widget_type=\"service.default\">\n\t\t\t\t<div class=\"elementor-widget-container\">\n\t\t\t\t\t\r\n\t\t\r\n\t\t\t<div class=\"service-box service-style-four\">\r\n\r\n\t\t\t\t\t\t\t\t<div class=\"service-box-icon\">\r\n\t\t\t\t\t<i class=\"flaticon-electrician-4\"><\/i>\r\n\t\t\t\t<\/div>\r\n\t\t\t\t\r\n\t\t\t\t<div class=\"service-box-content\">\r\n\r\n\t\t\t\t\t<div class=\"service-box-title\" >\r\n\t\t\t\t\t\t<h2>Assistance web<\/h2>\r\n\t\t\t\t\t<\/div>\r\n\r\n\t\t\t\t\t<div class=\"service-box-desc\" >\r\n\t\t\t\t\t\t<p>Guider les clients en temps r\u00e9el dans l'utilisation d'un site ou d'une plateforme.<\/p>\r\n\t\t\t\t\t<\/div>\r\n\r\n\t\t\t\t\t\r\n\t\t\t\t<\/div><!-- .service-box-content -->\r\n\t\t\t<\/div><!-- .service-box .service-style-four -->\r\n\r\n\t\t\t\t\t\t<\/div>\n\t\t\t\t<\/div>\n\t\t\t\t\t<\/div>\n\t\t<\/div>\n\t\t\t\t\t<\/div>\n\t\t<\/section>\n\t\t\t\t\t<\/div>\n\t\t<\/div>\n\t\t\t\t\t<\/div>\n\t\t<\/section>\n\t\t\t\t<\/div>\n\t\t","protected":false},"excerpt":{"rendered":"<p>Nos services entrants Des services entrants \u00e0 la hauteur de vos attentes Nos services entrants sont le premier point de contact avec votre client\u00e8le : nous accueillons chaque demande, r\u00e9pondons clairement et rapidement, r\u00e9solvons les probl\u00e8mes et fid\u00e9lisons vos clients, toujours avec professionnalisme et empathie. R\u00e9ception d\u2019appels R\u00e9ponse 24\/7, filtrage, et distribution vers l\u2019agent le [&hellip;]<\/p>\n","protected":false},"author":1,"featured_media":0,"parent":0,"menu_order":0,"comment_status":"closed","ping_status":"closed","template":"page-templates\/template-default.php","meta":{"footnotes":""},"class_list":["post-2762","page","type-page","status-publish","hentry"],"_links":{"self":[{"href":"https:\/\/lineova.com\/index.php?rest_route=\/wp\/v2\/pages\/2762","targetHints":{"allow":["GET"]}}],"collection":[{"href":"https:\/\/lineova.com\/index.php?rest_route=\/wp\/v2\/pages"}],"about":[{"href":"https:\/\/lineova.com\/index.php?rest_route=\/wp\/v2\/types\/page"}],"author":[{"embeddable":true,"href":"https:\/\/lineova.com\/index.php?rest_route=\/wp\/v2\/users\/1"}],"replies":[{"embeddable":true,"href":"https:\/\/lineova.com\/index.php?rest_route=%2Fwp%2Fv2%2Fcomments&post=2762"}],"version-history":[{"count":31,"href":"https:\/\/lineova.com\/index.php?rest_route=\/wp\/v2\/pages\/2762\/revisions"}],"predecessor-version":[{"id":3044,"href":"https:\/\/lineova.com\/index.php?rest_route=\/wp\/v2\/pages\/2762\/revisions\/3044"}],"wp:attachment":[{"href":"https:\/\/lineova.com\/index.php?rest_route=%2Fwp%2Fv2%2Fmedia&parent=2762"}],"curies":[{"name":"wp","href":"https:\/\/api.w.org\/{rel}","templated":true}]}}